{"id":474,"date":"2024-09-02T06:06:20","date_gmt":"2024-09-02T09:06:20","guid":{"rendered":"https:\/\/scgmarketing.com.br\/blog\/?page_id=474"},"modified":"2024-09-02T06:06:48","modified_gmt":"2024-09-02T09:06:48","slug":"redirect","status":"publish","type":"page","link":"https:\/\/scgmarketing.com.br\/blog\/redirect\/","title":{"rendered":"redirect"},"content":{"rendered":"\t\t<div data-elementor-type=\"wp-post\" data-elementor-id=\"474\" class=\"elementor elementor-474\" data-elementor-post-type=\"page\">\n\t\t\t\t<div class=\"elementor-element elementor-element-44a86fbf e-flex e-con-boxed e-con e-parent\" data-id=\"44a86fbf\" data-element_type=\"container\">\n\t\t\t\t\t<div class=\"e-con-inner\">\n\t\t<div class=\"elementor-element elementor-element-57a88485 e-con-full e-flex e-con e-child\" data-id=\"57a88485\" data-element_type=\"container\">\n\t\t\t\t<div class=\"elementor-element elementor-element-426a8cf3 elementor-widget elementor-widget-heading\" data-id=\"426a8cf3\" data-element_type=\"widget\" data-widget_type=\"heading.default\">\n\t\t\t\t<div class=\"elementor-widget-container\">\n\t\t\t\t\t<h2 class=\"elementor-heading-title elementor-size-default\">Voc\u00ea est\u00e1 sendo direcionado para o primeiro atendente dispon\u00edvel<\/h2>\t\t\t\t<\/div>\n\t\t\t\t<\/div>\n\t\t\t\t<div class=\"elementor-element elementor-element-6cfa7e4b elementor-widget elementor-widget-heading\" data-id=\"6cfa7e4b\" data-element_type=\"widget\" data-widget_type=\"heading.default\">\n\t\t\t\t<div class=\"elementor-widget-container\">\n\t\t\t\t\t<h2 class=\"elementor-heading-title elementor-size-default\">Aguarde 5 segundos<\/BR>\nou clique no bot\u00e3o abaixo.\n<\/h2>\t\t\t\t<\/div>\n\t\t\t\t<\/div>\n\t\t\t\t<div class=\"elementor-element elementor-element-24f8f0c5 elementor-widget__width-auto elementor-countdown--label-block elementor-widget elementor-widget-countdown\" data-id=\"24f8f0c5\" data-element_type=\"widget\" data-widget_type=\"countdown.default\">\n\t\t\t\t<div class=\"elementor-widget-container\">\n\t\t\t\t\t\t\t<div data-evergreen-interval=\"1.000002\" data-expire-actions=\"[{&quot;type&quot;:&quot;redirect&quot;,&quot;redirect_url&quot;:&quot;https:\\\/\\\/wa.me\\\/5512996293559?text=Ol%C3%A1!%20Gostaria%20de%20mais%20informa%C3%A7%C3%B5es%20sobre%20a%20consultoria%20empresarial.&quot;}]\" class=\"elementor-countdown-wrapper\" data-date=\"\">\n\t\t\t<div class=\"elementor-countdown-item\"><span class=\"elementor-countdown-digits elementor-countdown-seconds\"><\/span> <span class=\"elementor-countdown-label\">Segundo<\/span><\/div>\t\t<\/div>\n\t\t\t\t\t\t<\/div>\n\t\t\t\t<\/div>\n\t\t\t\t<div class=\"elementor-element elementor-element-466c9622 elementor-widget elementor-widget-button\" data-id=\"466c9622\" data-element_type=\"widget\" data-widget_type=\"button.default\">\n\t\t\t\t<div class=\"elementor-widget-container\">\n\t\t\t\t\t\t\t\t\t<div class=\"elementor-button-wrapper\">\n\t\t\t\t\t<a class=\"elementor-button elementor-button-link elementor-size-sm\" href=\"https:\/\/api.whatsapp.com\/send?%20Phone=5511976172360&#038;text=Ol%C3%A1%2C%20vim%20pelo%20Site%20e%20gostaria%20de%20informa%C3%A7%C3%B5es%20sobre%20os%20servi\u00e7os\" target=\"_blank\" rel=\"noopener\">\n\t\t\t\t\t\t<span class=\"elementor-button-content-wrapper\">\n\t\t\t\t\t\t\t\t\t<span class=\"elementor-button-text\">Clique aqui<\/span>\n\t\t\t\t\t<\/span>\n\t\t\t\t\t<\/a>\n\t\t\t\t<\/div>\n\t\t\t\t\t\t\t\t<\/div>\n\t\t\t\t<\/div>\n\t\t\t\t<\/div>\n\t\t<div class=\"elementor-element elementor-element-2e003a14 e-con-full e-flex e-con e-child\" data-id=\"2e003a14\" data-element_type=\"container\">\n\t\t\t\t<div class=\"elementor-element elementor-element-387ea6e1 elementor-widget elementor-widget-image\" data-id=\"387ea6e1\" data-element_type=\"widget\" data-widget_type=\"image.default\">\n\t\t\t\t<div class=\"elementor-widget-container\">\n\t\t\t\t\t\t\t\t\t\t\t\t\t\t\t<img fetchpriority=\"high\" decoding=\"async\" width=\"450\" height=\"681\" src=\"https:\/\/scgmarketing.com.br\/blog\/wp-content\/uploads\/2024\/09\/wpp-reduzido.png\" class=\"attachment-large size-large wp-image-3580\" alt=\"\" srcset=\"https:\/\/scgmarketing.com.br\/blog\/wp-content\/uploads\/2024\/09\/wpp-reduzido.png 450w, https:\/\/scgmarketing.com.br\/blog\/wp-content\/uploads\/2024\/09\/wpp-reduzido-198x300.png 198w\" sizes=\"(max-width: 450px) 100vw, 450px\" \/>\t\t\t\t\t\t\t\t\t\t\t\t\t\t\t<\/div>\n\t\t\t\t<\/div>\n\t\t\t\t<\/div>\n\t\t\t\t\t<\/div>\n\t\t\t\t<\/div>\n\t\t\t\t<\/div>\n\t\t","protected":false},"excerpt":{"rendered":"<p>Voc\u00ea est\u00e1 sendo direcionado para o primeiro atendente dispon\u00edvel Aguarde 5 segundos ou clique no bot\u00e3o abaixo. Segundo Clique aqui<\/p>\n","protected":false},"author":1,"featured_media":0,"parent":0,"menu_order":0,"comment_status":"closed","ping_status":"closed","template":"elementor_canvas","meta":{"footnotes":""},"class_list":["post-474","page","type-page","status-publish","hentry"],"_links":{"self":[{"href":"https:\/\/scgmarketing.com.br\/blog\/wp-json\/wp\/v2\/pages\/474","targetHints":{"allow":["GET"]}}],"collection":[{"href":"https:\/\/scgmarketing.com.br\/blog\/wp-json\/wp\/v2\/pages"}],"about":[{"href":"https:\/\/scgmarketing.com.br\/blog\/wp-json\/wp\/v2\/types\/page"}],"author":[{"embeddable":true,"href":"https:\/\/scgmarketing.com.br\/blog\/wp-json\/wp\/v2\/users\/1"}],"replies":[{"embeddable":true,"href":"https:\/\/scgmarketing.com.br\/blog\/wp-json\/wp\/v2\/comments?post=474"}],"version-history":[{"count":8,"href":"https:\/\/scgmarketing.com.br\/blog\/wp-json\/wp\/v2\/pages\/474\/revisions"}],"predecessor-version":[{"id":3594,"href":"https:\/\/scgmarketing.com.br\/blog\/wp-json\/wp\/v2\/pages\/474\/revisions\/3594"}],"wp:attachment":[{"href":"https:\/\/scgmarketing.com.br\/blog\/wp-json\/wp\/v2\/media?parent=474"}],"curies":[{"name":"wp","href":"https:\/\/api.w.org\/{rel}","templated":true}]}}