{"id":226,"date":"2024-05-02T20:04:26","date_gmt":"2024-05-02T23:04:26","guid":{"rendered":"https:\/\/scgmarketing.com.br\/blog\/?page_id=226"},"modified":"2025-09-17T08:33:51","modified_gmt":"2025-09-17T11:33:51","slug":"sobre-nos","status":"publish","type":"page","link":"https:\/\/scgmarketing.com.br\/blog\/sobre-nos\/","title":{"rendered":"Sobre n\u00f3s"},"content":{"rendered":"\t\t<div data-elementor-type=\"wp-page\" data-elementor-id=\"226\" class=\"elementor elementor-226\" data-elementor-post-type=\"page\">\n\t\t\t\t<div class=\"elementor-element elementor-element-760bf18f e-flex e-con-boxed e-con e-parent\" data-id=\"760bf18f\" data-element_type=\"container\" data-settings=\"{&quot;background_background&quot;:&quot;classic&quot;}\">\n\t\t\t\t\t<div class=\"e-con-inner\">\n\t\t<div class=\"elementor-element elementor-element-267b0ad5 e-con-full e-flex e-con e-child\" data-id=\"267b0ad5\" data-element_type=\"container\">\n\t\t\t\t<div class=\"elementor-element elementor-element-7f5f6fae elementor-invisible elementor-widget elementor-widget-heading\" data-id=\"7f5f6fae\" data-element_type=\"widget\" data-settings=\"{&quot;_animation&quot;:&quot;fadeIn&quot;}\" data-widget_type=\"heading.default\">\n\t\t\t\t<div class=\"elementor-widget-container\">\n\t\t\t\t\t<h2 class=\"elementor-heading-title elementor-size-default\">Sobre n\u00f3s<\/h2>\t\t\t\t<\/div>\n\t\t\t\t<\/div>\n\t\t\t\t<div class=\"elementor-element elementor-element-34c442e3 elementor-widget elementor-widget-text-editor\" data-id=\"34c442e3\" data-element_type=\"widget\" data-widget_type=\"text-editor.default\">\n\t\t\t\t<div class=\"elementor-widget-container\">\n\t\t\t\t\t\t\t\t\t<p>Desde 2010, a SCG Marketing Digital tem se destacado como uma refer\u00eancia na cria\u00e7\u00e3o de sites profissionais que n\u00e3o apenas impressionam visualmente, mas tamb\u00e9m entregam resultados concretos. Nascemos com a miss\u00e3o de transformar a presen\u00e7a online de nossos clientes, combinando inova\u00e7\u00e3o, design de ponta e estrat\u00e9gias de marketing digital que impulsionam neg\u00f3cios.<\/p><p>Somos uma equipe apaixonada por criar presen\u00e7a digital de alta qualidade e ajudar empresas a alcan\u00e7ar o sucesso online. Combinando nossa expertise em design, desenvolvimento web e estrat\u00e9gias de marketing, oferecemos solu\u00e7\u00f5es completas e personalizadas para atender \u00e0s necessidades \u00fanicas de cada cliente.<\/p>\t\t\t\t\t\t\t\t<\/div>\n\t\t\t\t<\/div>\n\t\t\t\t<\/div>\n\t\t<div class=\"elementor-element elementor-element-3920c0d8 e-con-full e-flex e-con e-child\" data-id=\"3920c0d8\" data-element_type=\"container\">\n\t\t\t\t<div class=\"elementor-element elementor-element-0f386d7 elementor-widget elementor-widget-video\" data-id=\"0f386d7\" data-element_type=\"widget\" data-settings=\"{&quot;youtube_url&quot;:&quot;https:\\\/\\\/youtu.be\\\/KRoJqKM1Mww?si=cgNOevDC8dM479Sn&quot;,&quot;video_type&quot;:&quot;youtube&quot;,&quot;controls&quot;:&quot;yes&quot;}\" data-widget_type=\"video.default\">\n\t\t\t\t<div class=\"elementor-widget-container\">\n\t\t\t\t\t\t\t<div class=\"elementor-wrapper elementor-open-inline\">\n\t\t\t<div class=\"elementor-video\"><\/div>\t\t<\/div>\n\t\t\t\t\t\t<\/div>\n\t\t\t\t<\/div>\n\t\t\t\t<\/div>\n\t\t\t\t\t<\/div>\n\t\t\t\t<\/div>\n\t\t\t\t<\/div>\n\t\t","protected":false},"excerpt":{"rendered":"<p>Sobre n\u00f3s Desde 2010, a SCG Marketing Digital tem se destacado como uma refer\u00eancia na cria\u00e7\u00e3o de sites profissionais que n\u00e3o apenas impressionam visualmente, mas tamb\u00e9m entregam resultados concretos. Nascemos com a miss\u00e3o de transformar a presen\u00e7a online de nossos clientes, combinando inova\u00e7\u00e3o, design de ponta e estrat\u00e9gias de marketing digital que impulsionam neg\u00f3cios. Somos [&hellip;]<\/p>\n","protected":false},"author":1,"featured_media":0,"parent":0,"menu_order":0,"comment_status":"closed","ping_status":"closed","template":"","meta":{"footnotes":""},"class_list":["post-226","page","type-page","status-publish","hentry"],"_links":{"self":[{"href":"https:\/\/scgmarketing.com.br\/blog\/wp-json\/wp\/v2\/pages\/226","targetHints":{"allow":["GET"]}}],"collection":[{"href":"https:\/\/scgmarketing.com.br\/blog\/wp-json\/wp\/v2\/pages"}],"about":[{"href":"https:\/\/scgmarketing.com.br\/blog\/wp-json\/wp\/v2\/types\/page"}],"author":[{"embeddable":true,"href":"https:\/\/scgmarketing.com.br\/blog\/wp-json\/wp\/v2\/users\/1"}],"replies":[{"embeddable":true,"href":"https:\/\/scgmarketing.com.br\/blog\/wp-json\/wp\/v2\/comments?post=226"}],"version-history":[{"count":12,"href":"https:\/\/scgmarketing.com.br\/blog\/wp-json\/wp\/v2\/pages\/226\/revisions"}],"predecessor-version":[{"id":4259,"href":"https:\/\/scgmarketing.com.br\/blog\/wp-json\/wp\/v2\/pages\/226\/revisions\/4259"}],"wp:attachment":[{"href":"https:\/\/scgmarketing.com.br\/blog\/wp-json\/wp\/v2\/media?parent=226"}],"curies":[{"name":"wp","href":"https:\/\/api.w.org\/{rel}","templated":true}]}}